{"id":69,"date":"2025-06-21T14:16:09","date_gmt":"2025-06-21T14:16:09","guid":{"rendered":"https:\/\/www.ularvu.cz\/?page_id=69"},"modified":"2025-07-30T11:29:11","modified_gmt":"2025-07-30T11:29:11","slug":"restaurace","status":"publish","type":"page","link":"https:\/\/www.ularvu.cz\/cs_cz\/home\/restaurace\/","title":{"rendered":"Restaurace"},"content":{"rendered":"\t\t<div data-elementor-type=\"wp-page\" data-elementor-id=\"69\" class=\"elementor elementor-69\" data-elementor-post-type=\"page\">\n\t\t\t\t<div class=\"elementor-element elementor-element-5bd26564 e-con-full e-flex e-con e-parent\" data-id=\"5bd26564\" data-element_type=\"container\" data-settings=\"{&quot;background_background&quot;:&quot;classic&quot;}\">\n\t\t<div class=\"elementor-element elementor-element-308baf2c e-con-full e-flex e-con e-child\" data-id=\"308baf2c\" data-element_type=\"container\" data-settings=\"{&quot;background_background&quot;:&quot;classic&quot;}\">\n\t\t\t\t<div class=\"elementor-element elementor-element-174cdf08 elementor-widget elementor-widget-heading\" data-id=\"174cdf08\" data-element_type=\"widget\" data-widget_type=\"heading.default\">\n\t\t\t\t<div class=\"elementor-widget-container\">\n\t\t\t\t\t<h2 class=\"elementor-heading-title elementor-size-default\">Tohle je na\u0161e<\/h2>\t\t\t\t<\/div>\n\t\t\t\t<\/div>\n\t\t\t\t<div class=\"elementor-element elementor-element-6e0146d6 elementor-widget elementor-widget-heading\" data-id=\"6e0146d6\" data-element_type=\"widget\" data-widget_type=\"heading.default\">\n\t\t\t\t<div class=\"elementor-widget-container\">\n\t\t\t\t\t<h2 class=\"elementor-heading-title elementor-size-default\">Restaurace<\/h2>\t\t\t\t<\/div>\n\t\t\t\t<\/div>\n\t\t\t\t<div class=\"elementor-element elementor-element-4dd328e4 elementor-widget elementor-widget-text-editor\" data-id=\"4dd328e4\" data-element_type=\"widget\" data-widget_type=\"text-editor.default\">\n\t\t\t\t<div class=\"elementor-widget-container\">\n\t\t\t\t\t\t\t\t\t<p class=\"p1\">Va\u0159\u00edme poctiv\u00e1 tradi\u010dn\u00ed \u010desk\u00e1 j\u00eddla, kter\u00e1 pot\u011b\u0161\u00ed ka\u017ed\u00e9ho milovn\u00edka dom\u00e1c\u00ed kuchyn\u011b. V na\u0161\u00ed nab\u00eddce nechyb\u00ed ani chutn\u011b p\u0159ipraven\u00e9 speciality ze zv\u011b\u0159iny, kter\u00e9 podtrhuj\u00ed charakter \u0161umavsk\u00e9ho kraje. Na\u0161i host\u00e9 oce\u0148uj\u00ed nejen bohatou chu\u0165 a syt\u00e9 porce, ale tak\u00e9 f\u00e9rov\u00e9 ceny, d\u00edky nim\u017e se k n\u00e1m r\u00e1di vracej\u00ed.<\/p>\t\t\t\t\t\t\t\t<\/div>\n\t\t\t\t<\/div>\n\t\t\t\t<\/div>\n\t\t<div class=\"elementor-element elementor-element-1eb62aaf e-flex e-con-boxed e-con e-child\" data-id=\"1eb62aaf\" data-element_type=\"container\" data-settings=\"{&quot;background_background&quot;:&quot;classic&quot;}\">\n\t\t\t\t\t<div class=\"e-con-inner\">\n\t\t\t\t\t<\/div>\n\t\t\t\t<\/div>\n\t\t\t\t<\/div>\n\t\t<div class=\"elementor-element elementor-element-48cbea5 e-flex e-con-boxed e-con e-parent\" data-id=\"48cbea5\" data-element_type=\"container\">\n\t\t\t\t\t<div class=\"e-con-inner\">\n\t\t\t\t<div class=\"elementor-element elementor-element-97bd4be elementor-widget elementor-widget-heading\" data-id=\"97bd4be\" data-element_type=\"widget\" data-widget_type=\"heading.default\">\n\t\t\t\t<div class=\"elementor-widget-container\">\n\t\t\t\t\t<h3 class=\"elementor-heading-title elementor-size-default\">Na\u0161e menu<\/h3>\t\t\t\t<\/div>\n\t\t\t\t<\/div>\n\t\t\t\t<div class=\"elementor-element elementor-element-21739ef elementor-widget elementor-widget-html\" data-id=\"21739ef\" data-element_type=\"widget\" data-widget_type=\"html.default\">\n\t\t\t\t<div class=\"elementor-widget-container\">\n\t\t\t\t\t<iframe src=\"https:\/\/drive.google.com\/file\/d\/1Pziw0qwTQVJpbXtasf8N61i55zHN8cEZ\/preview?usp=sharing\" width=\"100%\" height=\"1000\" style=\"border: none;\"><\/iframe>\t\t\t\t<\/div>\n\t\t\t\t<\/div>\n\t\t\t\t\t<\/div>\n\t\t\t\t<\/div>\n\t\t<div class=\"elementor-element elementor-element-288fadb elementor-hidden-desktop elementor-hidden-tablet elementor-hidden-mobile e-flex e-con-boxed e-con e-parent\" data-id=\"288fadb\" data-element_type=\"container\">\n\t\t\t\t\t<div class=\"e-con-inner\">\n\t\t\t\t<div class=\"elementor-element elementor-element-c0e0c3a elementor-widget elementor-widget-heading\" data-id=\"c0e0c3a\" data-element_type=\"widget\" data-widget_type=\"heading.default\">\n\t\t\t\t<div class=\"elementor-widget-container\">\n\t\t\t\t\t<h2 class=\"elementor-heading-title elementor-size-default\">Menu bude ji\u017e brzy k dispozici zde<\/h2>\t\t\t\t<\/div>\n\t\t\t\t<\/div>\n\t\t\t\t\t<\/div>\n\t\t\t\t<\/div>\n\t\t\t\t<\/div>\n\t\t","protected":false},"excerpt":{"rendered":"<p>Tohle je na\u0161e Restaurace Va\u0159\u00edme poctiv\u00e1 tradi\u010dn\u00ed \u010desk\u00e1 j\u00eddla, kter\u00e1 pot\u011b\u0161\u00ed ka\u017ed\u00e9ho milovn\u00edka dom\u00e1c\u00ed kuchyn\u011b. V na\u0161\u00ed nab\u00eddce nechyb\u00ed ani chutn\u011b p\u0159ipraven\u00e9 speciality ze zv\u011b\u0159iny, kter\u00e9 podtrhuj\u00ed charakter \u0161umavsk\u00e9ho kraje. Na\u0161i host\u00e9 oce\u0148uj\u00ed nejen bohatou chu\u0165 a syt\u00e9 porce, ale tak\u00e9 f\u00e9rov\u00e9 ceny, d\u00edky nim\u017e se k n\u00e1m r\u00e1di vracej\u00ed. Na\u0161e menu Menu bude ji\u017e [&hellip;]<\/p>\n","protected":false},"author":1,"featured_media":0,"parent":8,"menu_order":0,"comment_status":"closed","ping_status":"closed","template":"","meta":{"footnotes":""},"class_list":["post-69","page","type-page","status-publish","hentry"],"_links":{"self":[{"href":"https:\/\/www.ularvu.cz\/cs_cz\/wp-json\/wp\/v2\/pages\/69","targetHints":{"allow":["GET"]}}],"collection":[{"href":"https:\/\/www.ularvu.cz\/cs_cz\/wp-json\/wp\/v2\/pages"}],"about":[{"href":"https:\/\/www.ularvu.cz\/cs_cz\/wp-json\/wp\/v2\/types\/page"}],"author":[{"embeddable":true,"href":"https:\/\/www.ularvu.cz\/cs_cz\/wp-json\/wp\/v2\/users\/1"}],"replies":[{"embeddable":true,"href":"https:\/\/www.ularvu.cz\/cs_cz\/wp-json\/wp\/v2\/comments?post=69"}],"version-history":[{"count":89,"href":"https:\/\/www.ularvu.cz\/cs_cz\/wp-json\/wp\/v2\/pages\/69\/revisions"}],"predecessor-version":[{"id":538,"href":"https:\/\/www.ularvu.cz\/cs_cz\/wp-json\/wp\/v2\/pages\/69\/revisions\/538"}],"up":[{"embeddable":true,"href":"https:\/\/www.ularvu.cz\/cs_cz\/wp-json\/wp\/v2\/pages\/8"}],"wp:attachment":[{"href":"https:\/\/www.ularvu.cz\/cs_cz\/wp-json\/wp\/v2\/media?parent=69"}],"curies":[{"name":"wp","href":"https:\/\/api.w.org\/{rel}","templated":true}]}}